{"id":102,"date":"2014-09-26T10:51:15","date_gmt":"2014-09-26T10:51:15","guid":{"rendered":"http:\/\/preview.ait-themes.club\/theme\/doctor2\/?page_id=102"},"modified":"2014-09-26T10:51:15","modified_gmt":"2014-09-26T10:51:15","slug":"indications-de-l-hypnose","status":"publish","type":"page","link":"https:\/\/hypnotherapeute-talon.fr\/index.php\/indications-de-l-hypnose\/","title":{"rendered":"Principales indications de l&rsquo;hypnose"},"content":{"rendered":"\n<p class=\"eplus-47bU75 has-text-align-center has-black-color has-text-color has-normal-font-size eplus-wrapper\"><strong>L\u2019<a href=\"https:\/\/www.hypnotherapeute-talon.fr\/index.php\/qu-est-ce-que-l-hypnose-therapeutique\/\"><span style=\"color:#09d4f8\" class=\"has-inline-color\">hypnose<\/span><\/a> peut \u00eatre utilis\u00e9e dans de multiples domaines en tant qu\u2019\u00e9l\u00e9ment d\u2019action principal ou comme compl\u00e9ment.<\/strong><br \/><strong>Les utilisations les plus courantes sont les suivantes :<\/strong><\/p>\n\n\n\n<div style=\"height:61px\" aria-hidden=\"true\" class=\"eplus-fC9IgZ wp-block-spacer eplus-wrapper\"><\/div>\n\n\n\n<div class=\"eplus-vyJ76I wp-block-columns eplus-wrapper is-layout-flex wp-container-core-columns-is-layout-9d6595d7 wp-block-columns-is-layout-flex\">\n<div class=\"eplus-S793hr wp-block-column is-vertically-aligned-top eplus-wrapper is-layout-flow wp-block-column-is-layout-flow\">\n<figure class=\"wp-block-gallery has-nested-images columns-default is-cropped eplus-wrapper wp-block-gallery-1\">\n<figure class=\"is-style-rounded wp-block-image size-full eplus-wrapper\"><img fetchpriority=\"high\" decoding=\"async\" width=\"640\" height=\"312\" data-id=\"1909\" src=\"https:\/\/hypnotherapeute-talon.fr\/20230623\/wp-content\/uploads\/2023\/01\/donnees-sante-cnil-referentiel-hopital-corbeil-essones-cyberattaque-3.jpg\" alt=\"\" class=\"wp-image-1909\" srcset=\"https:\/\/hypnotherapeute-talon.fr\/wp-content\/uploads\/2023\/01\/donnees-sante-cnil-referentiel-hopital-corbeil-essones-cyberattaque-3.jpg 640w, https:\/\/hypnotherapeute-talon.fr\/wp-content\/uploads\/2023\/01\/donnees-sante-cnil-referentiel-hopital-corbeil-essones-cyberattaque-3-300x146.jpg 300w, https:\/\/hypnotherapeute-talon.fr\/wp-content\/uploads\/2023\/01\/donnees-sante-cnil-referentiel-hopital-corbeil-essones-cyberattaque-3-450x219.jpg 450w\" sizes=\"(max-width: 640px) 100vw, 640px\" \/><\/figure>\n<\/figure>\n\n\n\n<h1 class=\"eplus-xTG66s wp-block-heading has-text-align-center has-text-color eplus-wrapper\" style=\"color:#00ccff\">SANT\u00c9<\/h1>\n\n\n\n<div class=\"eplus-MnIm3R wp-block-columns eplus-wrapper is-layout-flex wp-container-core-columns-is-layout-9d6595d7 wp-block-columns-is-layout-flex\">\n<div class=\"eplus-UKN0Eq wp-block-column eplus-wrapper is-layout-flow wp-block-column-is-layout-flow\">\n<ul class=\"eplus-wrapper wp-block-list\">\n<li class=\" eplus-wrapper\">   <strong>Perte de poids<\/strong><\/li>\n\n\n\n<li class=\" eplus-wrapper\"><strong>Douleurs chroniques<\/strong><\/li>\n\n\n\n<li class=\" eplus-wrapper\"><strong>Troubles du sommeil<\/strong><\/li>\n\n\n\n<li class=\" eplus-wrapper\"><strong>Troubles alimentaires<\/strong><\/li>\n\n\n\n<li class=\" eplus-wrapper\"><strong>Migraines<\/strong><\/li>\n\n\n\n<li class=\" eplus-wrapper\"><strong>Acouph\u00e8nes<\/strong><\/li>\n<\/ul>\n<\/div>\n<\/div>\n<\/div>\n\n\n\n<div class=\"eplus-qTvEuX wp-block-column is-vertically-aligned-top eplus-wrapper is-layout-flow wp-block-column-is-layout-flow\">\n<figure class=\"wp-block-gallery has-nested-images columns-default is-cropped eplus-wrapper wp-block-gallery-2\">\n<figure class=\"is-style-rounded wp-block-image size-full eplus-wrapper\"><img decoding=\"async\" data-id=\"1910\" src=\"https:\/\/hypnotherapeute-talon.fr\/20230623\/wp-content\/uploads\/2023\/01\/se-proteger-de-laddiction-1-1.jpg\" alt=\"\" class=\"wp-image-1910\"\/><\/figure>\n<\/figure>\n\n\n\n<h1 class=\"eplus-Zr7kHJ wp-block-heading has-text-align-center has-text-color eplus-wrapper\" style=\"color:#00ccff\">ADDICTION<\/h1>\n\n\n\n<div class=\"eplus-69XM7Q wp-block-columns eplus-wrapper is-layout-flex wp-container-core-columns-is-layout-9d6595d7 wp-block-columns-is-layout-flex\">\n<div class=\"eplus-EOt6t5 edplus_anim-wvdpO4 wp-block-column is-vertically-aligned-top eplus-wrapper is-layout-flow wp-block-column-is-layout-flow\">\n<ul>\n<li style=\"text-align: left;\"><strong>Travail sur les d\u00e9pendances <span style=\"color: #000000;\">(alcool,<\/span> drogues, jeux&#8230;)<\/strong><\/li>\n<li style=\"text-align: left;\"><strong><span style=\"color: #000000;\">Arr\u00eat du tabac<\/span><\/strong><\/li>\n<\/ul>\n<\/div>\n<\/div>\n<\/div>\n\n\n\n<div class=\"eplus-FjgOAy wp-block-column is-vertically-aligned-top eplus-wrapper is-layout-flow wp-block-column-is-layout-flow\">\n<figure class=\"wp-block-gallery has-nested-images columns-default is-cropped eplus-wrapper wp-block-gallery-3\">\n<figure class=\"is-style-rounded wp-block-image size-full eplus-wrapper\"><img decoding=\"async\" data-id=\"1911\" src=\"https:\/\/hypnotherapeute-talon.fr\/20230623\/wp-content\/uploads\/2023\/01\/Sans-titre-2-1.png\" alt=\"\" class=\"wp-image-1911\"\/><\/figure>\n<\/figure>\n\n\n\n<h1 class=\"eplus-xtb6v5 wp-block-heading has-text-align-center has-text-color eplus-wrapper\" style=\"color:#00ccff\">TRAVAIL<\/h1>\n\n\n\n<div class=\"eplus-KgKAVE edplus_anim-vNinCs wp-block-columns eplus-wrapper is-layout-flex wp-container-core-columns-is-layout-9d6595d7 wp-block-columns-is-layout-flex\">\n<div class=\"eplus-XCxu6y wp-block-column eplus-wrapper is-layout-flow wp-block-column-is-layout-flow\" style=\"flex-basis:100%\">\n<ul>\n<li style=\"text-align: left;\"><strong>Performances<\/strong><\/li>\n<li style=\"text-align: left;\"><strong>Gestion du stress<\/strong><\/li>\n<li style=\"text-align: left;\"><strong>Confiance en soi<\/strong><\/li>\n<\/ul>\n<\/div>\n<\/div>\n<\/div>\n\n\n\n<div class=\"eplus-CWJl4S wp-block-column eplus-wrapper is-layout-flow wp-block-column-is-layout-flow\">\n<figure class=\"wp-block-gallery has-nested-images columns-default is-cropped eplus-wrapper wp-block-gallery-4\">\n<figure class=\"is-style-rounded wp-block-image size-full eplus-wrapper\"><img decoding=\"async\" data-id=\"1912\" src=\"https:\/\/hypnotherapeute-talon.fr\/20230623\/wp-content\/uploads\/2023\/01\/Homme-nature-bien-etre-1-1.jpg\" alt=\"\" class=\"wp-image-1912\"\/><\/figure>\n<\/figure>\n\n\n\n<h1 class=\"eplus-XYkUsK wp-block-heading has-text-align-center has-text-color eplus-wrapper\" style=\"color:#00ccff\">BIEN-\u00caTRE<\/h1>\n\n\n\n<div class=\"eplus-CTKzGv edplus_anim-P5OdNa wp-block-columns eplus-wrapper is-layout-flex wp-container-core-columns-is-layout-9d6595d7 wp-block-columns-is-layout-flex\">\n<div class=\"eplus-ITiimw edplus_anim-sXQYvZ wp-block-column eplus-wrapper is-layout-flow wp-block-column-is-layout-flow\" style=\"flex-basis:100%\">\n<ul>\n<li style=\"text-align: left;\"><strong>Travail sur les phobies<\/strong><\/li>\n<li style=\"text-align: left;\"><strong>Gestion de la douleur<\/strong><\/li>\n<li style=\"text-align: left;\"><strong>Gestion des \u00e9motions<\/strong><\/li>\n<li style=\"text-align: left;\"><strong>D\u00e9veloppement personnel<\/strong><\/li>\n<li style=\"text-align: left;\"><strong>Confiance en soi<\/strong><\/li>\n<li style=\"text-align: left;\"><strong>Travail de deuil<\/strong><\/li>\n<\/ul>\n<\/div>\n<\/div>\n<\/div>\n<\/div>\n\n\n\n<div class=\"eplus-8Hrdni wp-block-columns eplus-wrapper is-layout-flex wp-container-core-columns-is-layout-9d6595d7 wp-block-columns-is-layout-flex\">\n<div class=\"eplus-tfIcTu wp-block-column eplus-wrapper is-layout-flow wp-block-column-is-layout-flow\">\n<ul class=\"eplus-wrapper wp-block-list\"><\/ul>\n<\/div>\n\n\n\n<div class=\"eplus-xdMHcB wp-block-column eplus-wrapper is-layout-flow wp-block-column-is-layout-flow\"><\/div>\n<\/div>\n\n\n\n<div class=\"eplus-6fUW4q wp-block-columns eplus-wrapper is-layout-flex wp-container-core-columns-is-layout-9d6595d7 wp-block-columns-is-layout-flex\">\n<div class=\"eplus-o8KgQb wp-block-column is-vertically-aligned-top eplus-wrapper is-layout-flow wp-block-column-is-layout-flow\"><\/div>\n\n\n\n<div class=\"eplus-tiiCYK wp-block-column eplus-wrapper is-layout-flow wp-block-column-is-layout-flow\"><\/div>\n<\/div>\n","protected":false},"excerpt":{"rendered":"<p>L\u2019hypnose peut \u00eatre utilis\u00e9e dans de multiples domaines en tant qu\u2019\u00e9l\u00e9ment d\u2019action principal ou comme compl\u00e9ment.Les utilisations les plus courantes sont les suivantes : SANT\u00c9 ADDICTION Travail sur les d\u00e9pendances (alcool, drogues, jeux&#8230;) Arr\u00eat du tabac TRAVAIL Performances Gestion du stress Confiance en soi BIEN-\u00caTRE Travail sur les phobies Gestion de la douleur Gestion des [&hellip;]<\/p>\n","protected":false},"author":1,"featured_media":0,"parent":0,"menu_order":0,"comment_status":"closed","ping_status":"open","template":"","meta":{"_editorskit_title_hidden":false,"_editorskit_reading_time":0,"_editorskit_is_block_options_detached":false,"_editorskit_block_options_position":"{}","footnotes":""},"class_list":["post-102","page","type-page","status-publish","hentry"],"_links":{"self":[{"href":"https:\/\/hypnotherapeute-talon.fr\/index.php\/wp-json\/wp\/v2\/pages\/102","targetHints":{"allow":["GET"]}}],"collection":[{"href":"https:\/\/hypnotherapeute-talon.fr\/index.php\/wp-json\/wp\/v2\/pages"}],"about":[{"href":"https:\/\/hypnotherapeute-talon.fr\/index.php\/wp-json\/wp\/v2\/types\/page"}],"author":[{"embeddable":true,"href":"https:\/\/hypnotherapeute-talon.fr\/index.php\/wp-json\/wp\/v2\/users\/1"}],"replies":[{"embeddable":true,"href":"https:\/\/hypnotherapeute-talon.fr\/index.php\/wp-json\/wp\/v2\/comments?post=102"}],"version-history":[{"count":0,"href":"https:\/\/hypnotherapeute-talon.fr\/index.php\/wp-json\/wp\/v2\/pages\/102\/revisions"}],"wp:attachment":[{"href":"https:\/\/hypnotherapeute-talon.fr\/index.php\/wp-json\/wp\/v2\/media?parent=102"}],"curies":[{"name":"wp","href":"https:\/\/api.w.org\/{rel}","templated":true}]}}