{"id":1353,"date":"2021-08-27T16:12:00","date_gmt":"2021-08-27T14:12:00","guid":{"rendered":"https:\/\/www.hypnotherapeute-talon.fr\/?page_id=1353"},"modified":"2023-07-13T12:26:13","modified_gmt":"2023-07-13T10:26:13","slug":"mon-parcours","status":"publish","type":"page","link":"https:\/\/hypnotherapeute-talon.fr\/index.php\/mon-parcours\/","title":{"rendered":"Mon parcours"},"content":{"rendered":"\t\t<div data-elementor-type=\"wp-page\" data-elementor-id=\"1353\" class=\"elementor elementor-1353\">\n\t\t\t\t\t\t<section class=\"elementor-section elementor-top-section elementor-element elementor-element-48e7e29e elementor-section-boxed elementor-section-height-default elementor-section-height-default\" data-id=\"48e7e29e\" data-element_type=\"section\">\n\t\t\t\t\t\t<div class=\"elementor-container elementor-column-gap-default\">\n\t\t\t\t\t<div class=\"elementor-column elementor-col-100 elementor-top-column elementor-element elementor-element-1499bccb\" data-id=\"1499bccb\" data-element_type=\"column\">\n\t\t\t<div class=\"elementor-widget-wrap elementor-element-populated\">\n\t\t\t\t\t\t<div class=\"elementor-element elementor-element-16e7fbf8 elementor-widget elementor-widget-text-editor\" data-id=\"16e7fbf8\" data-element_type=\"widget\" data-widget_type=\"text-editor.default\">\n\t\t\t\t<div class=\"elementor-widget-container\">\n\t\t\t\t\t\t\t\t\t<p><\/p>\n<p style=\"text-align: left;\"><span style=\"color: #808080;\"><strong>\u00a0 \u00a0<span style=\"color: #000000;\">Aide M\u00e9dico-Psychologique depuis plus de 15 ans, j\u2019ai \u00e9t\u00e9 amen\u00e9e \u00e0 accompagner de nombreuses personnes d&rsquo;\u00e2ge et d&rsquo;horizons diff\u00e9rents.<\/span><\/strong><\/span><\/p>\n<p style=\"text-align: left;\"><span style=\"color: #000000;\"><strong>\u00a0 \u00a0Tr\u00e8s int\u00e9ress\u00e9e par les th\u00e9rapies non-m\u00e9dicamenteuses, dont j&rsquo;ai particip\u00e9 \u00e0 d\u00e9velopper leur utilisation au sein de mon travail, j\u2019ai eu la chance lors d\u2019une formation professionnelle de rencontrer un praticien en hypnose Ericksonienne qui m\u2019a fait d\u00e9couvrir cet outil.<\/strong><\/span><\/p>\n<p><span style=\"color: #000000;\"><\/span><\/p>\n<p><span style=\"color: #000000;\"><strong>\u00a0 \u00a0C\u2019est donc tout naturellement que j\u2019ai d\u00e9cid\u00e9 de me former \u00e0 cette pratique, et j&rsquo;ai ainsi rejoint l&rsquo;IFPPC (Institut Fran\u00e7ais des Pratiques Psycho-Corporelles) \u00e0 Paris, \u00e9cole renomm\u00e9e fond\u00e9e par Isabelle CELESTIN-LHOPITEAU.<\/strong><\/span><\/p>\n<p><span style=\"color: #000000;\"><\/span><\/p>\n<p><span style=\"color: #000000;\"><strong>\u00a0 \u00a0Aujourd\u2019hui certifi\u00e9e, je continue de me former r\u00e9guli\u00e8rement en fonction des \u00e9volutions de l\u2019hypnose, afin de vous proposer un accompagnement toujours plus adapt\u00e9 aux diff\u00e9rents besoins exprim\u00e9s.<\/strong><\/span><\/p>\n<p><span style=\"color: #000000;\"><\/span><\/p>\n<p><span style=\"color: #000000;\"><strong>Pour de plus amples renseignements, n&rsquo;h\u00e9sitez pas \u00e0 me joindre via la rubrique <\/strong><\/span><span style=\"color: #00ccff;\"><strong><a style=\"color: #00ccff;\" href=\"https:\/\/hypnotherapeute-talon.fr\/20230623\/index.php\/contact\/\">Contact<\/a><\/strong><\/span><span style=\"color: #000000;\"><strong> du site.<\/strong><\/span><\/p>\n<p><\/p>\t\t\t\t\t\t\t\t<\/div>\n\t\t\t\t<\/div>\n\t\t\t\t\t<\/div>\n\t\t<\/div>\n\t\t\t\t\t<\/div>\n\t\t<\/section>\n\t\t\t\t<section class=\"elementor-section elementor-top-section elementor-element elementor-element-bc5873d elementor-section-boxed elementor-section-height-default elementor-section-height-default\" data-id=\"bc5873d\" data-element_type=\"section\">\n\t\t\t\t\t\t<div class=\"elementor-container elementor-column-gap-default\">\n\t\t\t\t\t<div class=\"elementor-column elementor-col-100 elementor-top-column elementor-element elementor-element-c10e197\" data-id=\"c10e197\" data-element_type=\"column\">\n\t\t\t<div class=\"elementor-widget-wrap elementor-element-populated\">\n\t\t\t\t\t\t<div class=\"elementor-element elementor-element-27bedcb elementor-widget elementor-widget-image\" data-id=\"27bedcb\" data-element_type=\"widget\" data-widget_type=\"image.default\">\n\t\t\t\t<div class=\"elementor-widget-container\">\n\t\t\t\t\t\t\t\t\t\t\t\t\t\t\t<img decoding=\"async\" width=\"150\" height=\"150\" src=\"https:\/\/hypnotherapeute-talon.fr\/wp-content\/uploads\/2021\/08\/logo_ifppc_contour-02_vectorise-150x150.png\" class=\"attachment-thumbnail size-thumbnail wp-image-1562\" alt=\"\" srcset=\"https:\/\/hypnotherapeute-talon.fr\/wp-content\/uploads\/2021\/08\/logo_ifppc_contour-02_vectorise-150x150.png 150w, https:\/\/hypnotherapeute-talon.fr\/wp-content\/uploads\/2021\/08\/logo_ifppc_contour-02_vectorise-120x120.png 120w, https:\/\/hypnotherapeute-talon.fr\/wp-content\/uploads\/2021\/08\/logo_ifppc_contour-02_vectorise-223x225.png 223w\" sizes=\"(max-width: 150px) 100vw, 150px\" \/>\t\t\t\t\t\t\t\t\t\t\t\t\t\t\t<\/div>\n\t\t\t\t<\/div>\n\t\t\t\t\t<\/div>\n\t\t<\/div>\n\t\t\t\t\t<\/div>\n\t\t<\/section>\n\t\t\t\t<section class=\"elementor-section elementor-top-section elementor-element elementor-element-f014e72 elementor-section-boxed elementor-section-height-default elementor-section-height-default\" data-id=\"f014e72\" data-element_type=\"section\">\n\t\t\t\t\t\t<div class=\"elementor-container elementor-column-gap-default\">\n\t\t\t\t\t<div class=\"elementor-column elementor-col-100 elementor-top-column elementor-element elementor-element-c561733\" data-id=\"c561733\" data-element_type=\"column\">\n\t\t\t<div class=\"elementor-widget-wrap elementor-element-populated\">\n\t\t\t\t\t\t<div class=\"elementor-element elementor-element-4294d8e elementor-widget elementor-widget-text-editor\" data-id=\"4294d8e\" data-element_type=\"widget\" data-widget_type=\"text-editor.default\">\n\t\t\t\t<div class=\"elementor-widget-container\">\n\t\t\t\t\t\t\t\t\t<p style=\"text-align: center;\"><span style=\"color: #808080;\"><strong>Site internet de l&rsquo;Institut Fran\u00e7ais des Pratiques Psycho-Corporelles IFPPC CAMKeys<\/strong><\/span> :\u00a0<span style=\"color: #00ccff;\"><a style=\"color: #00ccff;\" href=\"https:\/\/www.ifppc.eu\/\">https:\/\/www.ifppc.eu\/<\/a><\/span><\/p>\t\t\t\t\t\t\t\t<\/div>\n\t\t\t\t<\/div>\n\t\t\t\t\t<\/div>\n\t\t<\/div>\n\t\t\t\t\t<\/div>\n\t\t<\/section>\n\t\t\t\t<\/div>\n\t\t","protected":false},"excerpt":{"rendered":"<p>\u00a0 \u00a0Aide M\u00e9dico-Psychologique depuis plus de 15 ans, j\u2019ai \u00e9t\u00e9 amen\u00e9e \u00e0 accompagner de nombreuses personnes d&rsquo;\u00e2ge et d&rsquo;horizons diff\u00e9rents. \u00a0 \u00a0Tr\u00e8s int\u00e9ress\u00e9e par les th\u00e9rapies non-m\u00e9dicamenteuses, dont j&rsquo;ai particip\u00e9 \u00e0 d\u00e9velopper leur utilisation au sein de mon travail, j\u2019ai eu la chance lors d\u2019une formation professionnelle de rencontrer un praticien en hypnose Ericksonienne qui [&hellip;]<\/p>\n","protected":false},"author":1,"featured_media":1603,"parent":0,"menu_order":0,"comment_status":"closed","ping_status":"closed","template":"","meta":{"_editorskit_title_hidden":false,"_editorskit_reading_time":0,"_editorskit_is_block_options_detached":false,"_editorskit_block_options_position":"{}","footnotes":""},"class_list":["post-1353","page","type-page","status-publish","has-post-thumbnail","hentry"],"_links":{"self":[{"href":"https:\/\/hypnotherapeute-talon.fr\/index.php\/wp-json\/wp\/v2\/pages\/1353","targetHints":{"allow":["GET"]}}],"collection":[{"href":"https:\/\/hypnotherapeute-talon.fr\/index.php\/wp-json\/wp\/v2\/pages"}],"about":[{"href":"https:\/\/hypnotherapeute-talon.fr\/index.php\/wp-json\/wp\/v2\/types\/page"}],"author":[{"embeddable":true,"href":"https:\/\/hypnotherapeute-talon.fr\/index.php\/wp-json\/wp\/v2\/users\/1"}],"replies":[{"embeddable":true,"href":"https:\/\/hypnotherapeute-talon.fr\/index.php\/wp-json\/wp\/v2\/comments?post=1353"}],"version-history":[{"count":3,"href":"https:\/\/hypnotherapeute-talon.fr\/index.php\/wp-json\/wp\/v2\/pages\/1353\/revisions"}],"predecessor-version":[{"id":2243,"href":"https:\/\/hypnotherapeute-talon.fr\/index.php\/wp-json\/wp\/v2\/pages\/1353\/revisions\/2243"}],"wp:featuredmedia":[{"embeddable":true,"href":"https:\/\/hypnotherapeute-talon.fr\/index.php\/wp-json\/wp\/v2\/media\/1603"}],"wp:attachment":[{"href":"https:\/\/hypnotherapeute-talon.fr\/index.php\/wp-json\/wp\/v2\/media?parent=1353"}],"curies":[{"name":"wp","href":"https:\/\/api.w.org\/{rel}","templated":true}]}}