{"id":506,"date":"2019-11-23T10:40:16","date_gmt":"2019-11-23T10:40:16","guid":{"rendered":"https:\/\/hypnotherapeute-talon.com\/?page_id=506"},"modified":"2025-12-04T10:52:10","modified_gmt":"2025-12-04T09:52:10","slug":"qu-est-ce-que-l-hypnose-therapeutique","status":"publish","type":"page","link":"https:\/\/hypnotherapeute-talon.fr\/index.php\/qu-est-ce-que-l-hypnose-therapeutique\/","title":{"rendered":"Qu&rsquo;est ce que l&rsquo;hypnose\u00a0?"},"content":{"rendered":"<p><strong>Notre inconscient sauvegarde nos comp\u00e9tences acquises, les \u00e9v\u00e9nements de notre vie, les comportements, et un nombre d&rsquo;informations sous-jacentes li\u00e9es \u00e0 cet ensemble. L&rsquo;hypnose est un outil qui vous permet de mobiliser et de mettre en action vos propres ressources afin d&rsquo;acc\u00e9der au(x) changement(s) que vous souhaitez.<\/strong><\/p>\n<p><strong>La transe hypnotique est un \u00e9tat naturel que vous exp\u00e9rimentez plusieurs fois par jour. Par exemple lorsque vous lisez un roman, lorsque vous \u00e9coutez de la musique ou bien m\u00eame lorsque vous effectuez un trajet sans vous rendre compte des kilom\u00e8tres parcourus.<\/strong><\/p>\n<p><strong>Tout le monde peut y avoir acc\u00e8s sachant que l&rsquo;ensemble des individus sont r\u00e9ceptifs \u00e0 l&rsquo;hypnose selon des m\u00e9thodes adapt\u00e9es.<\/strong><\/p>\n<p><strong>La pratique de l&rsquo;hypnose th\u00e9rapeutique s&rsquo;est d\u00e9velopp\u00e9e depuis 1971 et se d\u00e9compose via plusieurs courants de pens\u00e9e dont celle de Milton Erickson, qui propose une hypnose adaptable \u00e0 chaque personne pour faire \u00e9merger ses propres solutions.<\/strong><\/p>\n<p><strong>D\u00e9roulement d&rsquo;une s\u00e9ance\u00a0:<\/strong><\/p>\n<p><strong>Celle-ci se compose d&rsquo;un temps d&rsquo;\u00e9change o\u00f9 nous allons \u00e9tudier ensemble les diff\u00e9rents changements que vous souhaitez g\u00e9n\u00e9rer et aborder les \u00e9ventuelles questions que vous vous posez. L&rsquo;hypnose peut-\u00eatre utilis\u00e9e pour de nombreuses <a href=\"https:\/\/hypnotherapeute-talon.fr\/20230623\/index.php\/indications-de-l-hypnose\/\">indications<\/a>.<\/strong><\/p>\n<p><strong>Je vais ensuite vous accompagner pendant la phase de transe hypnotique. Lors de cet exercice, toutes vos ressources sont pleinement mobilis\u00e9es et optimis\u00e9es afin de travailler efficacement pour atteindre vos objectifs fix\u00e9s au pr\u00e9alable.<\/strong><\/p>\n<p><strong>A la fin de la s\u00e9ance, nous prenons de nouveau un temps pour \u00e9changer sur vos impressions et ressentis, analyser la s\u00e9ance en douceur et discuter des premiers changements. Je vous fournirai \u00e9galement des exercices simples et rapides d&rsquo;auto-hypnose que vous pourrez pratiquer chez vous pour une plus grande autonomie dans votre d\u00e9marche.<\/strong><\/p>\n<p>NB : une s\u00e9ance d&rsquo;hypnose ne peut se substituer \u00e0 aucun avis ni traitement m\u00e9dical.<\/p>\n\n<div class=\"wp-block-image\">\n<figure class=\"aligncenter size-full\"><img fetchpriority=\"high\" decoding=\"async\" width=\"450\" height=\"320\" src=\"https:\/\/hypnotherapeute-talon.fr\/20230623\/wp-content\/uploads\/2023\/07\/milton-erickson.jpg\" alt=\"\" class=\"wp-image-2176\" srcset=\"https:\/\/hypnotherapeute-talon.fr\/wp-content\/uploads\/2023\/07\/milton-erickson.jpg 450w, https:\/\/hypnotherapeute-talon.fr\/wp-content\/uploads\/2023\/07\/milton-erickson-300x213.jpg 300w, https:\/\/hypnotherapeute-talon.fr\/wp-content\/uploads\/2023\/07\/milton-erickson-316x225.jpg 316w\" sizes=\"(max-width: 450px) 100vw, 450px\" \/><\/figure><\/div>","protected":false},"excerpt":{"rendered":"<p>Notre inconscient sauvegarde nos comp\u00e9tences acquises, les \u00e9v\u00e9nements de notre vie, les comportements, et un nombre d&rsquo;informations sous-jacentes li\u00e9es \u00e0 cet ensemble. L&rsquo;hypnose est un outil qui vous permet de mobiliser et de mettre en action vos propres ressources afin d&rsquo;acc\u00e9der au(x) changement(s) que vous souhaitez. La transe hypnotique est un \u00e9tat naturel que vous [&hellip;]<\/p>\n","protected":false},"author":1,"featured_media":1645,"parent":0,"menu_order":0,"comment_status":"closed","ping_status":"closed","template":"","meta":{"_editorskit_title_hidden":false,"_editorskit_reading_time":0,"_editorskit_is_block_options_detached":false,"_editorskit_block_options_position":"{}","footnotes":""},"class_list":["post-506","page","type-page","status-publish","has-post-thumbnail","hentry"],"_links":{"self":[{"href":"https:\/\/hypnotherapeute-talon.fr\/index.php\/wp-json\/wp\/v2\/pages\/506","targetHints":{"allow":["GET"]}}],"collection":[{"href":"https:\/\/hypnotherapeute-talon.fr\/index.php\/wp-json\/wp\/v2\/pages"}],"about":[{"href":"https:\/\/hypnotherapeute-talon.fr\/index.php\/wp-json\/wp\/v2\/types\/page"}],"author":[{"embeddable":true,"href":"https:\/\/hypnotherapeute-talon.fr\/index.php\/wp-json\/wp\/v2\/users\/1"}],"replies":[{"embeddable":true,"href":"https:\/\/hypnotherapeute-talon.fr\/index.php\/wp-json\/wp\/v2\/comments?post=506"}],"version-history":[{"count":3,"href":"https:\/\/hypnotherapeute-talon.fr\/index.php\/wp-json\/wp\/v2\/pages\/506\/revisions"}],"predecessor-version":[{"id":2271,"href":"https:\/\/hypnotherapeute-talon.fr\/index.php\/wp-json\/wp\/v2\/pages\/506\/revisions\/2271"}],"wp:featuredmedia":[{"embeddable":true,"href":"https:\/\/hypnotherapeute-talon.fr\/index.php\/wp-json\/wp\/v2\/media\/1645"}],"wp:attachment":[{"href":"https:\/\/hypnotherapeute-talon.fr\/index.php\/wp-json\/wp\/v2\/media?parent=506"}],"curies":[{"name":"wp","href":"https:\/\/api.w.org\/{rel}","templated":true}]}}