{"id":677,"date":"2021-01-31T16:03:11","date_gmt":"2021-01-31T16:03:11","guid":{"rendered":"https:\/\/hypnotherapeute-talon.com\/?page_id=677"},"modified":"2025-12-04T10:48:55","modified_gmt":"2025-12-04T09:48:55","slug":"pauline-talon-hypnose-le-cabinet-hypnose-rue-de-la-mariette-au-mans","status":"publish","type":"page","link":"https:\/\/hypnotherapeute-talon.fr\/index.php\/pauline-talon-hypnose-le-cabinet-hypnose-rue-de-la-mariette-au-mans\/","title":{"rendered":"Le cabinet"},"content":{"rendered":"\n<p class=\"has-text-align-center  eplus-Py61wj\"><span style=\"color: #777777;\"><span style=\"font-family: inherit;\"><span style=\"font-size: standard;\"><span style=\"color: #777777; font-family: inherit;\"><b><span style=\"color: #000000;\">Le cabinet d&rsquo;Hypnoth\u00e9rapie est situ\u00e9 au 7, rue de la Mariette, au 1er \u00e9tage, en plein centre-ville du Mans. Celui-ci est au calme et am\u00e9nag\u00e9 pour vous recevoir dans les meilleures conditions possibles pour l&rsquo;exercice de l&rsquo;Hypnose. <\/span><\/b><\/span><\/span><\/span><\/span><\/p>\n\n\n\n<p class=\"has-text-align-center  eplus-15Hsru\"><b>Pour vous y rendre, rien de plus simple. Celui-ci se trouve \u00e0 10 minutes \u00e0 pied de la place de la R\u00e9publique et de la Rue des Minimes, proche de plusieurs arr\u00eats de tramway et de la gare. Pour vous garer, un petit parking est situ\u00e9 juste \u00e0 c\u00f4t\u00e9 si vous souhaitez vous y rendre en voiture, le parking de la place de la R\u00e9publique est \u00e0 10 minutes, et celui des Jacobins \u00e0 12 minutes.<\/b><\/p>\n\n\n\n<p class=\"has-text-align-center  eplus-rqG2Aj\"><strong>Pour plus d&rsquo;informations, je vous invite \u00e0 utiliser la rubrique <span style=\"color: #00ccff;\"><a href=\"https:\/\/hypnotherapeute-talon.fr\/20230623\/index.php\/contact\/contact\/\" class=\"ek-link\">Contact<\/a><\/span> du site. Vous y trouverez notamment l&#8217;emplacement du cabinet via <span style=\"color: #00ccff;\"><a style=\"color: #00ccff;\" href=\"https:\/\/goo.gl\/maps\/Fj5wSCwGnnfMLLw96\">Google Maps<\/a><span style=\"color: #000000;\">,<\/span><\/span><\/strong> <strong>pour vous rep\u00e9rer facilement. Je reste \u00e0 votre disposition pour tout besoin d&rsquo;informations.<\/strong><\/p>\n\n\n\n<p class=\"has-text-align-center  eplus-gHetyb\"><b>Il vous est \u00e9galement possible de prendre rendez-vous pour des consultations en visio via cette m\u00eame rubrique <a href=\"https:\/\/hypnotherapeute-talon.fr\/20230623\/index.php\/contact\/\" class=\"ek-link\"><span style=\"color: #00ccff;\">Contact.<\/span><\/a><\/b><\/p>\n\n\n\n<figure class=\"wp-block-image size-large  eplus-IFjpzu\"><img fetchpriority=\"high\" decoding=\"async\" width=\"1024\" height=\"768\" src=\"https:\/\/hypnotherapeute-talon.fr\/20230623\/wp-content\/uploads\/2021\/09\/140257890_445963493479938_3365338587709453186_n-1-1024x768.jpg\" alt=\"\" class=\"wp-image-1801\" srcset=\"https:\/\/hypnotherapeute-talon.fr\/wp-content\/uploads\/2021\/09\/140257890_445963493479938_3365338587709453186_n-1-1024x768.jpg 1024w, https:\/\/hypnotherapeute-talon.fr\/wp-content\/uploads\/2021\/09\/140257890_445963493479938_3365338587709453186_n-1-300x225.jpg 300w, https:\/\/hypnotherapeute-talon.fr\/wp-content\/uploads\/2021\/09\/140257890_445963493479938_3365338587709453186_n-1-768x576.jpg 768w, https:\/\/hypnotherapeute-talon.fr\/wp-content\/uploads\/2021\/09\/140257890_445963493479938_3365338587709453186_n-1.jpg 1440w\" sizes=\"(max-width: 1024px) 100vw, 1024px\" \/><\/figure>\n","protected":false},"excerpt":{"rendered":"<p>Le cabinet d&rsquo;Hypnoth\u00e9rapie est situ\u00e9 au 7, rue de la Mariette, au 1er \u00e9tage, en plein centre-ville du Mans. Celui-ci est au calme et am\u00e9nag\u00e9 pour vous recevoir dans les meilleures conditions possibles pour l&rsquo;exercice de l&rsquo;Hypnose. Pour vous y rendre, rien de plus simple. Celui-ci se trouve \u00e0 10 minutes \u00e0 pied de la [&hellip;]<\/p>\n","protected":false},"author":1,"featured_media":678,"parent":0,"menu_order":0,"comment_status":"closed","ping_status":"closed","template":"","meta":{"_editorskit_title_hidden":false,"_editorskit_reading_time":0,"_editorskit_is_block_options_detached":false,"_editorskit_block_options_position":"{}","footnotes":""},"class_list":["post-677","page","type-page","status-publish","has-post-thumbnail","hentry"],"_links":{"self":[{"href":"https:\/\/hypnotherapeute-talon.fr\/index.php\/wp-json\/wp\/v2\/pages\/677","targetHints":{"allow":["GET"]}}],"collection":[{"href":"https:\/\/hypnotherapeute-talon.fr\/index.php\/wp-json\/wp\/v2\/pages"}],"about":[{"href":"https:\/\/hypnotherapeute-talon.fr\/index.php\/wp-json\/wp\/v2\/types\/page"}],"author":[{"embeddable":true,"href":"https:\/\/hypnotherapeute-talon.fr\/index.php\/wp-json\/wp\/v2\/users\/1"}],"replies":[{"embeddable":true,"href":"https:\/\/hypnotherapeute-talon.fr\/index.php\/wp-json\/wp\/v2\/comments?post=677"}],"version-history":[{"count":2,"href":"https:\/\/hypnotherapeute-talon.fr\/index.php\/wp-json\/wp\/v2\/pages\/677\/revisions"}],"predecessor-version":[{"id":2269,"href":"https:\/\/hypnotherapeute-talon.fr\/index.php\/wp-json\/wp\/v2\/pages\/677\/revisions\/2269"}],"wp:featuredmedia":[{"embeddable":true,"href":"https:\/\/hypnotherapeute-talon.fr\/index.php\/wp-json\/wp\/v2\/media\/678"}],"wp:attachment":[{"href":"https:\/\/hypnotherapeute-talon.fr\/index.php\/wp-json\/wp\/v2\/media?parent=677"}],"curies":[{"name":"wp","href":"https:\/\/api.w.org\/{rel}","templated":true}]}}